{"id":4629,"date":"2026-03-17T15:45:33","date_gmt":"2026-03-17T15:45:33","guid":{"rendered":"https:\/\/www.labadiola.it\/?page_id=4629"},"modified":"2026-04-10T14:39:19","modified_gmt":"2026-04-10T14:39:19","slug":"collaborazioni","status":"publish","type":"page","link":"https:\/\/www.labadiola.it\/en\/collaborazioni\/","title":{"rendered":"Collaborations"},"content":{"rendered":"<h1>\n<p>Collaborazioni<\/p>\n<\/h1>\n<div>\n<p>Le <strong>collaborazioni<\/strong> sono parte integrante della nostra visione.<br \/>Crediamo nella forza delle <strong>connessioni autentiche<\/strong> tra realt\u00e0 che condividono valori comuni: qualit\u00e0, territorio, creativit\u00e0 ed esclusivit\u00e0.<\/p>\n<p>Nel cuore della nostra tenuta nascono ogni anno <strong>incontri e progetti<\/strong> con brand, artigiani, professionisti e realt\u00e0 creative che arricchiscono la nostra esperienza e danno vita a nuove idee.<\/p>\n<p>In questa pagina presentiamo <strong>i partner con cui collaboriamo<\/strong> e le iniziative che, insieme, rendono ogni progetto unico.<\/p>\n<\/div>\n<div>\n<p>    <img decoding=\"async\" src=\"\/wp-content\/uploads\/2026\/03\/beatrice-granucci.jpeg\" alt=\"\"><\/p>\n<h3>Beatrice Granucci<\/h3>\n<div>\n<p>Dalla collaborazione con <strong>Beatrice Granucci<\/strong> nasce <a href=\"https:\/\/www.labadiola.it\/the-harmony-of-senses\/\"><strong>The Harmony of Senses<\/strong><\/a>, un\u2019esperienza esclusiva che fonde l\u2019arte della profumeria con quella del vino: un raffinato laboratorio creativo seguito da una degustazione guidata, per esplorare l\u2019armonia tra essenze e aromi.<\/p>\n<\/div>\n<p><a href=\"https:\/\/www.beatricegranucciprofumi.com\/\"><\/a><\/p>\n<\/div>\n<p><!--more--><br \/>\n<!-- {\"type\":\"layout\",\"children\":[{\"type\":\"section\",\"props\":{\"header_transparent\":true,\"header_transparent_noplaceholder\":false,\"height\":\"viewport\",\"height_viewport\":35,\"height_viewport_offset\":true,\"image\":\"wp-content\/uploads\/2020\/01\/stemma.png\",\"image_effect\":\"parallax\",\"image_loading\":true,\"image_parallax_bgy\":\"-20,-20\",\"image_position\":\"bottom-center\",\"image_width\":250,\"media_overlay\":\"rgba(21, 78, 59, 0.64)\",\"sticky\":\"cover\",\"style\":\"default\",\"text_color\":\"light\",\"title_breakpoint\":\"xl\",\"title_position\":\"top-left\",\"title_rotation\":\"left\",\"vertical_align\":\"middle\",\"width\":\"default\"},\"children\":[{\"type\":\"row\",\"children\":[{\"type\":\"column\",\"props\":{\"image_position\":\"center-center\",\"position_sticky_breakpoint\":\"m\"},\"children\":[{\"type\":\"headline\",\"props\":{\"animation\":\"parallax\",\"content\":\"\n\n<p>Collaborazioni<\/p>\n\n\",\"image_align\":\"left\",\"image_margin\":\"xsmall\",\"parallax_blur\":\"50\",\"parallax_opacity\":\"1,0\",\"parallax_scale\":\"0.5\",\"text_align\":\"center\",\"title_element\":\"h1\",\"title_style\":\"heading-large\"}}]}]}],\"name\":\"Hero News\"},{\"type\":\"section\",\"props\":{\"image_position\":\"center-center\",\"style\":\"default\",\"title_breakpoint\":\"xl\",\"title_position\":\"top-left\",\"title_rotation\":\"left\",\"vertical_align\":\"middle\",\"width\":\"default\"},\"children\":[{\"type\":\"row\",\"children\":[{\"type\":\"column\",\"props\":{\"image_position\":\"center-center\",\"position_sticky_breakpoint\":\"m\"},\"children\":[{\"type\":\"text\",\"props\":{\"column_breakpoint\":\"m\",\"content\":\"\n\n<p>Le <strong>collaborazioni<\/strong> sono parte integrante della nostra visione.<br \/>Crediamo nella forza delle <strong>connessioni autentiche<\/strong> tra realt\u00e0 che condividono valori comuni: qualit\u00e0, territorio, creativit\u00e0 ed esclusivit\u00e0.<\/p>\n\n\\n\n\n<p>Nel cuore della nostra tenuta nascono ogni anno <strong>incontri e progetti<\/strong> con brand, artigiani, professionisti e realt\u00e0 creative che arricchiscono la nostra esperienza e danno vita a nuove idee.<\/p>\n\n\\n\n\n<p>In questa pagina presentiamo <strong>i partner con cui collaboriamo<\/strong> e le iniziative che, insieme, rendono ogni progetto unico.<\/p>\n\n\",\"margin_bottom\":\"default\",\"margin_top\":\"default\"}}]}]},{\"type\":\"row\",\"children\":[{\"type\":\"column\",\"props\":{\"image_position\":\"center-center\",\"position_sticky_breakpoint\":\"m\"},\"children\":[{\"type\":\"grid\",\"props\":{\"content_column_breakpoint\":\"m\",\"filter_align\":\"left\",\"filter_all\":true,\"filter_grid_breakpoint\":\"m\",\"filter_grid_width\":\"auto\",\"filter_position\":\"top\",\"filter_style\":\"tab\",\"grid_default\":\"1\",\"grid_divider\":true,\"grid_medium\":\"\",\"image_align\":\"left\",\"image_grid_breakpoint\":\"m\",\"image_grid_width\":\"2-5\",\"image_link\":true,\"image_svg_color\":\"emphasis\",\"image_vertical_align\":true,\"item_animation\":true,\"lightbox_bg_close\":true,\"link_style\":\"default\",\"link_text\":\"\",\"margin_bottom\":\"default\",\"margin_top\":\"default\",\"meta_align\":\"below-title\",\"meta_element\":\"div\",\"meta_style\":\"text-meta\",\"panel_link\":false,\"show_content\":true,\"show_hover_image\":true,\"show_hover_video\":true,\"show_image\":true,\"show_link\":true,\"show_meta\":false,\"show_title\":false,\"show_video\":true,\"title_align\":\"top\",\"title_element\":\"h3\",\"title_grid_breakpoint\":\"m\",\"title_grid_width\":\"1-2\",\"title_hover_style\":\"reset\"},\"children\":[{\"type\":\"grid_item\",\"props\":{\"content\":\"\n\n<p>Dalla collaborazione con <strong>Beatrice Granucci<\/strong> nasce <a href=\\\"https:\/\/www.labadiola.it\/the-harmony-of-senses\/\\\"><strong>The Harmony of Senses<\/strong><\/a>, un\u2019esperienza esclusiva che fonde l\u2019arte della profumeria con quella del vino: un raffinato laboratorio creativo seguito da una degustazione guidata, per esplorare l\u2019armonia tra essenze e aromi.<\/p>\n\n\",\"image\":\"wp-content\/uploads\/2026\/03\/beatrice-granucci.jpeg\",\"link\":\"https:\/\/www.beatricegranucciprofumi.com\/\",\"title\":\"Beatrice Granucci\"}},{\"type\":\"grid_item\",\"props\":{\"content\":\"\n\n<p>In collaborazione con <strong>Benedetta Palagi<\/strong>, insegnante di yoga con formazione internazionale, nascono <strong>Somata Yoga<\/strong> e <strong>Savor Yoga<\/strong>, esperienze pensate per armonizzare corpo, mente e gusto: una class immersa nella natura e nella storia, seguita da una raffinata degustazione dei nostri prodotti, per ritrovare l'equilibrio e riscoprire il piacere autentico dei sensi.<\/p>\n\n\",\"image\":\"wp-content\/uploads\/2026\/04\/logo-yoga.jpg\",\"status\":\"disabled\",\"title\":\"Somata Yoga\"}}]}]}]}]}],\"version\":\"5.0.28\"} --><\/p>\n","protected":false},"excerpt":{"rendered":"<p>Collaborazioni Le collaborazioni sono parte integrante della nostra visione.Crediamo nella forza delle connessioni autentiche tra realt\u00e0 che condividono valori comuni: qualit\u00e0, territorio, creativit\u00e0 ed esclusivit\u00e0. Nel cuore della nostra tenuta nascono ogni anno incontri e progetti con brand, artigiani, professionisti e realt\u00e0 creative che arricchiscono la nostra esperienza e danno vita a nuove idee. In [&hellip;]<\/p>\n","protected":false},"author":1,"featured_media":0,"parent":0,"menu_order":0,"comment_status":"closed","ping_status":"closed","template":"","meta":{"_acf_changed":false,"footnotes":""},"class_list":["post-4629","page","type-page","status-publish","hentry"],"acf":[],"yoast_head":"<!-- This site is optimized with the Yoast SEO plugin v27.3 - https:\/\/yoast.com\/product\/yoast-seo-wordpress\/ -->\n<title>Collaborazioni - La Badiola<\/title>\n<meta name=\"robots\" content=\"index, follow, max-snippet:-1, max-image-preview:large, max-video-preview:-1\" \/>\n<link rel=\"canonical\" href=\"https:\/\/www.labadiola.it\/en\/collaborazioni\/\" \/>\n<meta property=\"og:locale\" content=\"en_US\" \/>\n<meta property=\"og:type\" content=\"article\" \/>\n<meta property=\"og:title\" content=\"Collaborazioni - La Badiola\" \/>\n<meta property=\"og:description\" content=\"Collaborazioni Le collaborazioni sono parte integrante della nostra visione.Crediamo nella forza delle connessioni autentiche tra realt\u00e0 che condividono valori comuni: qualit\u00e0, territorio, creativit\u00e0 ed esclusivit\u00e0. Nel cuore della nostra tenuta nascono ogni anno incontri e progetti con brand, artigiani, professionisti e realt\u00e0 creative che arricchiscono la nostra esperienza e danno vita a nuove idee. In [&hellip;]\" \/>\n<meta property=\"og:url\" content=\"https:\/\/www.labadiola.it\/en\/collaborazioni\/\" \/>\n<meta property=\"og:site_name\" content=\"La Badiola\" \/>\n<meta property=\"article:modified_time\" content=\"2026-04-10T14:39:19+00:00\" \/>\n<meta name=\"twitter:card\" content=\"summary_large_image\" \/>\n<script type=\"application\/ld+json\" class=\"yoast-schema-graph\">{\"@context\":\"https:\\\/\\\/schema.org\",\"@graph\":[{\"@type\":\"WebPage\",\"@id\":\"https:\\\/\\\/www.labadiola.it\\\/collaborazioni\\\/\",\"url\":\"https:\\\/\\\/www.labadiola.it\\\/collaborazioni\\\/\",\"name\":\"Collaborazioni - La Badiola\",\"isPartOf\":{\"@id\":\"https:\\\/\\\/www.labadiola.it\\\/#website\"},\"datePublished\":\"2026-03-17T15:45:33+00:00\",\"dateModified\":\"2026-04-10T14:39:19+00:00\",\"breadcrumb\":{\"@id\":\"https:\\\/\\\/www.labadiola.it\\\/collaborazioni\\\/#breadcrumb\"},\"inLanguage\":\"en-US\",\"potentialAction\":[{\"@type\":\"ReadAction\",\"target\":[\"https:\\\/\\\/www.labadiola.it\\\/collaborazioni\\\/\"]}]},{\"@type\":\"BreadcrumbList\",\"@id\":\"https:\\\/\\\/www.labadiola.it\\\/collaborazioni\\\/#breadcrumb\",\"itemListElement\":[{\"@type\":\"ListItem\",\"position\":1,\"name\":\"Home\",\"item\":\"https:\\\/\\\/www.labadiola.it\\\/\"},{\"@type\":\"ListItem\",\"position\":2,\"name\":\"Collaborazioni\"}]},{\"@type\":\"WebSite\",\"@id\":\"https:\\\/\\\/www.labadiola.it\\\/#website\",\"url\":\"https:\\\/\\\/www.labadiola.it\\\/\",\"name\":\"La Badiola\",\"description\":\"\",\"potentialAction\":[{\"@type\":\"SearchAction\",\"target\":{\"@type\":\"EntryPoint\",\"urlTemplate\":\"https:\\\/\\\/www.labadiola.it\\\/?s={search_term_string}\"},\"query-input\":{\"@type\":\"PropertyValueSpecification\",\"valueRequired\":true,\"valueName\":\"search_term_string\"}}],\"inLanguage\":\"en-US\"}]}<\/script>\n<!-- \/ Yoast SEO plugin. -->","yoast_head_json":{"title":"Collaborazioni - La Badiola","robots":{"index":"index","follow":"follow","max-snippet":"max-snippet:-1","max-image-preview":"max-image-preview:large","max-video-preview":"max-video-preview:-1"},"canonical":"https:\/\/www.labadiola.it\/en\/collaborazioni\/","og_locale":"en_US","og_type":"article","og_title":"Collaborazioni - La Badiola","og_description":"Collaborazioni Le collaborazioni sono parte integrante della nostra visione.Crediamo nella forza delle connessioni autentiche tra realt\u00e0 che condividono valori comuni: qualit\u00e0, territorio, creativit\u00e0 ed esclusivit\u00e0. Nel cuore della nostra tenuta nascono ogni anno incontri e progetti con brand, artigiani, professionisti e realt\u00e0 creative che arricchiscono la nostra esperienza e danno vita a nuove idee. In [&hellip;]","og_url":"https:\/\/www.labadiola.it\/en\/collaborazioni\/","og_site_name":"La Badiola","article_modified_time":"2026-04-10T14:39:19+00:00","twitter_card":"summary_large_image","schema":{"@context":"https:\/\/schema.org","@graph":[{"@type":"WebPage","@id":"https:\/\/www.labadiola.it\/collaborazioni\/","url":"https:\/\/www.labadiola.it\/collaborazioni\/","name":"Collaborazioni - La Badiola","isPartOf":{"@id":"https:\/\/www.labadiola.it\/#website"},"datePublished":"2026-03-17T15:45:33+00:00","dateModified":"2026-04-10T14:39:19+00:00","breadcrumb":{"@id":"https:\/\/www.labadiola.it\/collaborazioni\/#breadcrumb"},"inLanguage":"en-US","potentialAction":[{"@type":"ReadAction","target":["https:\/\/www.labadiola.it\/collaborazioni\/"]}]},{"@type":"BreadcrumbList","@id":"https:\/\/www.labadiola.it\/collaborazioni\/#breadcrumb","itemListElement":[{"@type":"ListItem","position":1,"name":"Home","item":"https:\/\/www.labadiola.it\/"},{"@type":"ListItem","position":2,"name":"Collaborazioni"}]},{"@type":"WebSite","@id":"https:\/\/www.labadiola.it\/#website","url":"https:\/\/www.labadiola.it\/","name":"La Badiola","description":"","potentialAction":[{"@type":"SearchAction","target":{"@type":"EntryPoint","urlTemplate":"https:\/\/www.labadiola.it\/?s={search_term_string}"},"query-input":{"@type":"PropertyValueSpecification","valueRequired":true,"valueName":"search_term_string"}}],"inLanguage":"en-US"}]}},"_links":{"self":[{"href":"https:\/\/www.labadiola.it\/en\/wp-json\/wp\/v2\/pages\/4629","targetHints":{"allow":["GET"]}}],"collection":[{"href":"https:\/\/www.labadiola.it\/en\/wp-json\/wp\/v2\/pages"}],"about":[{"href":"https:\/\/www.labadiola.it\/en\/wp-json\/wp\/v2\/types\/page"}],"author":[{"embeddable":true,"href":"https:\/\/www.labadiola.it\/en\/wp-json\/wp\/v2\/users\/1"}],"replies":[{"embeddable":true,"href":"https:\/\/www.labadiola.it\/en\/wp-json\/wp\/v2\/comments?post=4629"}],"version-history":[{"count":8,"href":"https:\/\/www.labadiola.it\/en\/wp-json\/wp\/v2\/pages\/4629\/revisions"}],"predecessor-version":[{"id":4805,"href":"https:\/\/www.labadiola.it\/en\/wp-json\/wp\/v2\/pages\/4629\/revisions\/4805"}],"wp:attachment":[{"href":"https:\/\/www.labadiola.it\/en\/wp-json\/wp\/v2\/media?parent=4629"}],"curies":[{"name":"wp","href":"https:\/\/api.w.org\/{rel}","templated":true}]}}