{"id":1285,"date":"2020-01-31T08:53:17","date_gmt":"2020-01-31T08:53:17","guid":{"rendered":"https:\/\/www.labadiola.it\/?page_id=1285"},"modified":"2020-01-31T08:53:17","modified_gmt":"2020-01-31T08:53:17","slug":"trebbiano","status":"publish","type":"page","link":"https:\/\/www.labadiola.it\/en\/trebbiano\/","title":{"rendered":"Trebbiano"},"content":{"rendered":"<p>[vc_row][vc_column][vc_column_text]Il Trebbiano &#8211; dal latino &#8220;Trebula&#8221;, <em>Fattoria<\/em> &#8211; fa parte della famiglia di vitigni a bacca bianca. Data la sua diffusione negli anni \u00e8 giunto fino in Francia dov&#8217;\u00e8 conosciuto come <a href=\"https:\/\/www.quattrocalici.it\/vitigni\/ugni-blanc\/\" target=\"_blank\" rel=\"noopener noreferrer\"><strong>Ugni blanc<\/strong><\/a>, il quale costituisce<strong> la base per la produzione del Cognac e dell\u2019Armagnac.<\/strong><\/p>\n<p>Si tratta di uno dei vigneti pi\u00f9 diffusi in Italia perch\u00e9 presente nell&#8217;uvaggio di decine di vini DOC, sia bianchi che rossi. Tra i vari vitigni, che spesso prendono il nome dalla zona di provenienza o dall&#8217;areale di maggiore diffusione, ricordiamo il Trebbiano Toscano, base naturale e ideale per il vino bianco <a href=\"https:\/\/www.labadiola.it\/product\/colline-lucchesi-bianco\/\">Colline Lucchesi DOC.<\/a><\/p>\n<blockquote><p>La sua enorme diffusione \u00e8 dovuta alla capacit\u00e0 di adattarsi alle pi\u00f9 diverse tipologie di terreno e condizioni climatiche, alla grande produttivit\u00e0 ed alle caratteristiche del vino che ne deriva, generalmente gradevole e corretto e facilmente commerciabile. Infatti \u00e8 sufficientemente neutro per essere impiegato in unione con altri vini dalla personalit\u00e0 pi\u00f9 spiccata, senza sopraffarli anche se utilizzato in elevate percentuali.<\/p><\/blockquote>\n<p>Fonte: <a href=\"https:\/\/it.wikipedia.org\/wiki\/Trebbiano\" target=\"_blank\" rel=\"noopener noreferrer\">Wikipedia<\/a><\/p>\n<h2>Caratteristiche del Trebbiano<\/h2>\n<figure id=\"attachment_1287\" aria-describedby=\"caption-attachment-1287\" style=\"width: 2000px\" class=\"wp-caption alignnone\"><img loading=\"lazy\" decoding=\"async\" class=\"wp-image-1287 size-full\" src=\"https:\/\/www.labadiola.it\/wp-content\/uploads\/2020\/01\/2.jpg\" alt=\"Trebbiano\" width=\"2000\" height=\"1331\" srcset=\"https:\/\/www.labadiola.it\/wp-content\/uploads\/2020\/01\/2.jpg 2000w, https:\/\/www.labadiola.it\/wp-content\/uploads\/2020\/01\/2-300x200.jpg 300w, https:\/\/www.labadiola.it\/wp-content\/uploads\/2020\/01\/2-1024x681.jpg 1024w, https:\/\/www.labadiola.it\/wp-content\/uploads\/2020\/01\/2-768x511.jpg 768w, https:\/\/www.labadiola.it\/wp-content\/uploads\/2020\/01\/2-1536x1022.jpg 1536w, https:\/\/www.labadiola.it\/wp-content\/uploads\/2020\/01\/2-940x626.jpg 940w\" sizes=\"(max-width: 2000px) 100vw, 2000px\" \/><figcaption id=\"caption-attachment-1287\" class=\"wp-caption-text\">Photo \u00a9La Badiola<\/figcaption><\/figure>\n<p>&nbsp;<\/p>\n<p>Il Trebbiano toscano \u00e8 un vitigno caratterizzato da una <strong>spiccata acidit\u00e0<\/strong>, la quale viene conferita anche ai vini che vengono prodotti. Il grappolo del Trebbiano toscano ha una forma cilindrica e alata con acini di media grandezza e dalla buccia abbastanza spessa. I mosti hanno struttura leggera e sono costituiti da poco grado alcolico<\/p>\n<p>Si tratta di uno dei vitigni pi\u00f9 vigorosi presenti sul territorio toscano, ed \u00e8 infatti noto per la capacit\u00e0 di difendersi dalle intemperie. Considerata la vigorosit\u00e0 della pianta,giunge a maturazione in maniera tardiva ma le sue uve vengono spesso raccolte prima della maturazione per sfruttarne l&#8217;acidit\u00e0.<strong> Il trebbiano \u00e8 stato registrato ufficialmente nel 1970.<\/strong><\/p>\n<h2>Ampelografia del vitigno<\/h2>\n<p>Il <strong>Trebbiano toscano<\/strong> \u00e8 caratterizzata da una foglia media, grande; un grappolo compatto e un acino dal colore verde-giallo.<br \/>\nIl vino prodotto da questo vitigno ha delle caratteristiche precise:<\/p>\n<ul>\n<li>Sapido;<\/li>\n<li>Fresco;<\/li>\n<li>Di colore giallo paglierino.<\/li>\n<\/ul>\n<p>[\/vc_column_text][\/vc_column][\/vc_row]<\/p>\n","protected":false},"excerpt":{"rendered":"<p>[vc_row][vc_column][vc_column_text]Il Trebbiano &#8211; dal latino &#8220;Trebula&#8221;, Fattoria &#8211; fa parte della famiglia di vitigni a bacca bianca. Data la sua diffusione negli anni \u00e8 giunto fino in Francia dov&#8217;\u00e8 conosciuto come Ugni blanc, il quale costituisce la base per la produzione del Cognac e dell\u2019Armagnac. Si tratta di uno dei vigneti pi\u00f9 diffusi in Italia [&hellip;]<\/p>\n","protected":false},"author":1,"featured_media":0,"parent":0,"menu_order":0,"comment_status":"closed","ping_status":"closed","template":"","meta":{"_acf_changed":false,"footnotes":""},"class_list":["post-1285","page","type-page","status-publish","hentry"],"acf":[],"yoast_head":"<!-- This site is optimized with the Yoast SEO plugin v27.3 - https:\/\/yoast.com\/product\/yoast-seo-wordpress\/ -->\n<title>Trebbiano | La storia del vitigno, caratteristi e ampelografia<\/title>\n<meta name=\"description\" content=\"Il Trebbiano \u00e8 uno dei vitigni a bacca bianca pi\u00f9 coltivati In Toscana. Conosciuto per la vigorosit\u00e0 e per l&#039;acidit\u00e0, utile come base per vini bianchi.\" \/>\n<meta name=\"robots\" content=\"index, follow, max-snippet:-1, max-image-preview:large, max-video-preview:-1\" \/>\n<link rel=\"canonical\" href=\"https:\/\/www.labadiola.it\/en\/trebbiano\/\" \/>\n<meta property=\"og:locale\" content=\"en_US\" \/>\n<meta property=\"og:type\" content=\"article\" \/>\n<meta property=\"og:title\" content=\"Trebbiano | La storia del vitigno, caratteristi e ampelografia\" \/>\n<meta property=\"og:description\" content=\"Il Trebbiano \u00e8 uno dei vitigni a bacca bianca pi\u00f9 coltivati In Toscana. Conosciuto per la vigorosit\u00e0 e per l&#039;acidit\u00e0, utile come base per vini bianchi.\" \/>\n<meta property=\"og:url\" content=\"https:\/\/www.labadiola.it\/en\/trebbiano\/\" \/>\n<meta property=\"og:site_name\" content=\"La Badiola\" \/>\n<meta property=\"og:image\" content=\"https:\/\/www.labadiola.it\/wp-content\/uploads\/2020\/01\/2.jpg\" \/>\n<meta name=\"twitter:card\" content=\"summary_large_image\" \/>\n<meta name=\"twitter:label1\" content=\"Est. reading time\" \/>\n\t<meta name=\"twitter:data1\" content=\"2 minutes\" \/>\n<script type=\"application\/ld+json\" class=\"yoast-schema-graph\">{\"@context\":\"https:\\\/\\\/schema.org\",\"@graph\":[{\"@type\":\"WebPage\",\"@id\":\"https:\\\/\\\/www.labadiola.it\\\/trebbiano\\\/\",\"url\":\"https:\\\/\\\/www.labadiola.it\\\/trebbiano\\\/\",\"name\":\"Trebbiano | La storia del vitigno, caratteristi e ampelografia\",\"isPartOf\":{\"@id\":\"https:\\\/\\\/www.labadiola.it\\\/#website\"},\"primaryImageOfPage\":{\"@id\":\"https:\\\/\\\/www.labadiola.it\\\/trebbiano\\\/#primaryimage\"},\"image\":{\"@id\":\"https:\\\/\\\/www.labadiola.it\\\/trebbiano\\\/#primaryimage\"},\"thumbnailUrl\":\"https:\\\/\\\/www.labadiola.it\\\/wp-content\\\/uploads\\\/2020\\\/01\\\/2.jpg\",\"datePublished\":\"2020-01-31T08:53:17+00:00\",\"description\":\"Il Trebbiano \u00e8 uno dei vitigni a bacca bianca pi\u00f9 coltivati In Toscana. Conosciuto per la vigorosit\u00e0 e per l'acidit\u00e0, utile come base per vini bianchi.\",\"breadcrumb\":{\"@id\":\"https:\\\/\\\/www.labadiola.it\\\/trebbiano\\\/#breadcrumb\"},\"inLanguage\":\"en-US\",\"potentialAction\":[{\"@type\":\"ReadAction\",\"target\":[\"https:\\\/\\\/www.labadiola.it\\\/trebbiano\\\/\"]}]},{\"@type\":\"ImageObject\",\"inLanguage\":\"en-US\",\"@id\":\"https:\\\/\\\/www.labadiola.it\\\/trebbiano\\\/#primaryimage\",\"url\":\"https:\\\/\\\/www.labadiola.it\\\/wp-content\\\/uploads\\\/2020\\\/01\\\/2.jpg\",\"contentUrl\":\"https:\\\/\\\/www.labadiola.it\\\/wp-content\\\/uploads\\\/2020\\\/01\\\/2.jpg\"},{\"@type\":\"BreadcrumbList\",\"@id\":\"https:\\\/\\\/www.labadiola.it\\\/trebbiano\\\/#breadcrumb\",\"itemListElement\":[{\"@type\":\"ListItem\",\"position\":1,\"name\":\"Home\",\"item\":\"https:\\\/\\\/www.labadiola.it\\\/\"},{\"@type\":\"ListItem\",\"position\":2,\"name\":\"Trebbiano\"}]},{\"@type\":\"WebSite\",\"@id\":\"https:\\\/\\\/www.labadiola.it\\\/#website\",\"url\":\"https:\\\/\\\/www.labadiola.it\\\/\",\"name\":\"La Badiola\",\"description\":\"\",\"potentialAction\":[{\"@type\":\"SearchAction\",\"target\":{\"@type\":\"EntryPoint\",\"urlTemplate\":\"https:\\\/\\\/www.labadiola.it\\\/?s={search_term_string}\"},\"query-input\":{\"@type\":\"PropertyValueSpecification\",\"valueRequired\":true,\"valueName\":\"search_term_string\"}}],\"inLanguage\":\"en-US\"}]}<\/script>\n<!-- \/ Yoast SEO plugin. -->","yoast_head_json":{"title":"Trebbiano | La storia del vitigno, caratteristi e ampelografia","description":"Il Trebbiano \u00e8 uno dei vitigni a bacca bianca pi\u00f9 coltivati In Toscana. Conosciuto per la vigorosit\u00e0 e per l'acidit\u00e0, utile come base per vini bianchi.","robots":{"index":"index","follow":"follow","max-snippet":"max-snippet:-1","max-image-preview":"max-image-preview:large","max-video-preview":"max-video-preview:-1"},"canonical":"https:\/\/www.labadiola.it\/en\/trebbiano\/","og_locale":"en_US","og_type":"article","og_title":"Trebbiano | La storia del vitigno, caratteristi e ampelografia","og_description":"Il Trebbiano \u00e8 uno dei vitigni a bacca bianca pi\u00f9 coltivati In Toscana. Conosciuto per la vigorosit\u00e0 e per l'acidit\u00e0, utile come base per vini bianchi.","og_url":"https:\/\/www.labadiola.it\/en\/trebbiano\/","og_site_name":"La Badiola","og_image":[{"url":"https:\/\/www.labadiola.it\/wp-content\/uploads\/2020\/01\/2.jpg","type":"","width":"","height":""}],"twitter_card":"summary_large_image","twitter_misc":{"Est. reading time":"2 minutes"},"schema":{"@context":"https:\/\/schema.org","@graph":[{"@type":"WebPage","@id":"https:\/\/www.labadiola.it\/trebbiano\/","url":"https:\/\/www.labadiola.it\/trebbiano\/","name":"Trebbiano | La storia del vitigno, caratteristi e ampelografia","isPartOf":{"@id":"https:\/\/www.labadiola.it\/#website"},"primaryImageOfPage":{"@id":"https:\/\/www.labadiola.it\/trebbiano\/#primaryimage"},"image":{"@id":"https:\/\/www.labadiola.it\/trebbiano\/#primaryimage"},"thumbnailUrl":"https:\/\/www.labadiola.it\/wp-content\/uploads\/2020\/01\/2.jpg","datePublished":"2020-01-31T08:53:17+00:00","description":"Il Trebbiano \u00e8 uno dei vitigni a bacca bianca pi\u00f9 coltivati In Toscana. Conosciuto per la vigorosit\u00e0 e per l'acidit\u00e0, utile come base per vini bianchi.","breadcrumb":{"@id":"https:\/\/www.labadiola.it\/trebbiano\/#breadcrumb"},"inLanguage":"en-US","potentialAction":[{"@type":"ReadAction","target":["https:\/\/www.labadiola.it\/trebbiano\/"]}]},{"@type":"ImageObject","inLanguage":"en-US","@id":"https:\/\/www.labadiola.it\/trebbiano\/#primaryimage","url":"https:\/\/www.labadiola.it\/wp-content\/uploads\/2020\/01\/2.jpg","contentUrl":"https:\/\/www.labadiola.it\/wp-content\/uploads\/2020\/01\/2.jpg"},{"@type":"BreadcrumbList","@id":"https:\/\/www.labadiola.it\/trebbiano\/#breadcrumb","itemListElement":[{"@type":"ListItem","position":1,"name":"Home","item":"https:\/\/www.labadiola.it\/"},{"@type":"ListItem","position":2,"name":"Trebbiano"}]},{"@type":"WebSite","@id":"https:\/\/www.labadiola.it\/#website","url":"https:\/\/www.labadiola.it\/","name":"La Badiola","description":"","potentialAction":[{"@type":"SearchAction","target":{"@type":"EntryPoint","urlTemplate":"https:\/\/www.labadiola.it\/?s={search_term_string}"},"query-input":{"@type":"PropertyValueSpecification","valueRequired":true,"valueName":"search_term_string"}}],"inLanguage":"en-US"}]}},"_links":{"self":[{"href":"https:\/\/www.labadiola.it\/en\/wp-json\/wp\/v2\/pages\/1285","targetHints":{"allow":["GET"]}}],"collection":[{"href":"https:\/\/www.labadiola.it\/en\/wp-json\/wp\/v2\/pages"}],"about":[{"href":"https:\/\/www.labadiola.it\/en\/wp-json\/wp\/v2\/types\/page"}],"author":[{"embeddable":true,"href":"https:\/\/www.labadiola.it\/en\/wp-json\/wp\/v2\/users\/1"}],"replies":[{"embeddable":true,"href":"https:\/\/www.labadiola.it\/en\/wp-json\/wp\/v2\/comments?post=1285"}],"version-history":[{"count":4,"href":"https:\/\/www.labadiola.it\/en\/wp-json\/wp\/v2\/pages\/1285\/revisions"}],"predecessor-version":[{"id":1290,"href":"https:\/\/www.labadiola.it\/en\/wp-json\/wp\/v2\/pages\/1285\/revisions\/1290"}],"wp:attachment":[{"href":"https:\/\/www.labadiola.it\/en\/wp-json\/wp\/v2\/media?parent=1285"}],"curies":[{"name":"wp","href":"https:\/\/api.w.org\/{rel}","templated":true}]}}